{"id":2,"date":"2023-12-21T14:54:27","date_gmt":"2023-12-21T14:54:27","guid":{"rendered":"https:\/\/6gvisible.fmi.fi\/?page_id=2"},"modified":"2026-01-27T11:43:53","modified_gmt":"2026-01-27T09:43:53","slug":"news","status":"publish","type":"page","link":"https:\/\/6gvisible.fmi.fi\/?page_id=2","title":{"rendered":"News"},"content":{"rendered":"\n<div class=\"wp-block-columns is-layout-flex wp-container-core-columns-is-layout-28f84493 wp-block-columns-is-layout-flex\">\n<div class=\"wp-block-column is-layout-flow wp-block-column-is-layout-flow\" style=\"flex-basis:33.33%\">\n<p class=\"has-system-sans-serif-font-family\" style=\"font-style:normal;font-weight:100\">27.1.2026<\/p>\n<\/div>\n\n\n\n<div class=\"wp-block-column is-layout-flow wp-block-column-is-layout-flow\" style=\"flex-basis:66.66%\">\n<p class=\"has-system-sans-serif-font-family\" style=\"font-style:normal;font-weight:100\">6GVisible Demo Video<\/p>\n\n\n\n<figure class=\"wp-block-video\"><video height=\"1080\" style=\"aspect-ratio: 1920 \/ 1080;\" width=\"1920\" controls src=\"https:\/\/6gvisible.fmi.fi\/wp-content\/uploads\/2026\/01\/6GVisible_downscale.mp4\"><track src=\"https:\/\/6gvisible.fmi.fi\/wp-content\/uploads\/2026\/01\/subtitles.vtt\" label=\"subtitles\" srclang=\"en\" kind=\"subtitles\"\/><\/video><\/figure>\n<\/div>\n<\/div>\n\n\n\n<hr class=\"wp-block-separator has-alpha-channel-opacity is-style-wide\" style=\"margin-top:var(--wp--preset--spacing--10);margin-bottom:var(--wp--preset--spacing--10)\"\/>\n\n\n\n<div class=\"wp-block-columns is-layout-flex wp-container-core-columns-is-layout-28f84493 wp-block-columns-is-layout-flex\">\n<div class=\"wp-block-column is-layout-flow wp-block-column-is-layout-flow\" style=\"flex-basis:33.33%\">\n<p class=\"has-system-sans-serif-font-family\" style=\"font-style:normal;font-weight:100\">19.-21.5.2025<\/p>\n<\/div>\n\n\n\n<div class=\"wp-block-column is-layout-flow wp-block-column-is-layout-flow\" style=\"flex-basis:66.66%\">\n<p class=\"has-system-sans-serif-font-family\" style=\"font-style:normal;font-weight:100\">Researcher of this project Timo Sukuvaara from FMI kept presentation &#8220;Intelligent traffic road weather and autonomous driving&#8221; written by Timo Sukuvaara, Ari Pikkarainen, Hannu Honkanen, Heikki Myllykoski and Virve Karsisto, in ITS Europe 2025 Conference in Seville.<\/p>\n<\/div>\n<\/div>\n\n\n\n<hr class=\"wp-block-separator has-alpha-channel-opacity is-style-wide\" style=\"margin-top:var(--wp--preset--spacing--10);margin-bottom:var(--wp--preset--spacing--10)\"\/>\n\n\n\n<div class=\"wp-block-columns is-layout-flex wp-container-core-columns-is-layout-28f84493 wp-block-columns-is-layout-flex\">\n<div class=\"wp-block-column is-layout-flow wp-block-column-is-layout-flow\" style=\"flex-basis:33.33%\">\n<p class=\"has-system-sans-serif-font-family\" style=\"font-style:normal;font-weight:300\">6.2.2025<\/p>\n<\/div>\n\n\n\n<div class=\"wp-block-column is-layout-flow wp-block-column-is-layout-flow\" style=\"flex-basis:66.66%\">\n<p class=\"has-system-sans-serif-font-family\" style=\"font-style:normal;font-weight:300\">Sample from Digital Twin development, LiDAR-point cloud from the test track monitoring station, with artificial, intesifying snowfall.<\/p>\n\n\n\n<figure class=\"wp-block-video\"><video height=\"1032\" style=\"aspect-ratio: 1920 \/ 1032;\" width=\"1920\" controls src=\"https:\/\/6gvisible.fmi.fi\/wp-content\/uploads\/2025\/02\/snowfall_test_track-1.mp4\"><\/video><\/figure>\n<\/div>\n<\/div>\n\n\n\n<hr class=\"wp-block-separator has-alpha-channel-opacity is-style-wide\" style=\"margin-top:var(--wp--preset--spacing--10);margin-bottom:var(--wp--preset--spacing--10)\"\/>\n\n\n\n<div class=\"wp-block-columns is-layout-flex wp-container-core-columns-is-layout-28f84493 wp-block-columns-is-layout-flex\">\n<div class=\"wp-block-column is-layout-flow wp-block-column-is-layout-flow\" style=\"flex-basis:33.33%\">\n<p class=\"has-system-sans-serif-font-family\" style=\"font-style:normal;font-weight:100\">4.12.2024<\/p>\n<\/div>\n\n\n\n<div class=\"wp-block-column is-layout-flow wp-block-column-is-layout-flow\" style=\"flex-basis:66.66%\">\n<p class=\"has-system-sans-serif-font-family\" style=\"font-style:normal;font-weight:100\">Updated instrumentation status in Sodankyl\u00e4 Sod5G test track.<\/p>\n\n\n\n<figure data-wp-context=\"{&quot;imageId&quot;:&quot;69ea28dc3bd2d&quot;}\" data-wp-interactive=\"core\/image\" data-wp-key=\"69ea28dc3bd2d\" class=\"wp-block-image size-large wp-lightbox-container\"><img loading=\"lazy\" decoding=\"async\" width=\"1024\" height=\"271\" data-wp-class--hide=\"state.isContentHidden\" data-wp-class--show=\"state.isContentVisible\" data-wp-init=\"callbacks.setButtonStyles\" data-wp-on--click=\"actions.showLightbox\" data-wp-on--load=\"callbacks.setButtonStyles\" data-wp-on-window--resize=\"callbacks.setButtonStyles\" src=\"https:\/\/6gvisible.fmi.fi\/wp-content\/uploads\/2024\/12\/testtrack2024_forecastpoints-1024x271.png\" alt=\"\" class=\"wp-image-353\" srcset=\"https:\/\/6gvisible.fmi.fi\/wp-content\/uploads\/2024\/12\/testtrack2024_forecastpoints-1024x271.png 1024w, https:\/\/6gvisible.fmi.fi\/wp-content\/uploads\/2024\/12\/testtrack2024_forecastpoints-300x79.png 300w, https:\/\/6gvisible.fmi.fi\/wp-content\/uploads\/2024\/12\/testtrack2024_forecastpoints-768x203.png 768w, https:\/\/6gvisible.fmi.fi\/wp-content\/uploads\/2024\/12\/testtrack2024_forecastpoints-1536x407.png 1536w, https:\/\/6gvisible.fmi.fi\/wp-content\/uploads\/2024\/12\/testtrack2024_forecastpoints-2048x543.png 2048w\" sizes=\"auto, (max-width: 1024px) 100vw, 1024px\" \/><button\n\t\t\tclass=\"lightbox-trigger\"\n\t\t\ttype=\"button\"\n\t\t\taria-haspopup=\"dialog\"\n\t\t\taria-label=\"Enlarge\"\n\t\t\tdata-wp-init=\"callbacks.initTriggerButton\"\n\t\t\tdata-wp-on--click=\"actions.showLightbox\"\n\t\t\tdata-wp-style--right=\"state.imageButtonRight\"\n\t\t\tdata-wp-style--top=\"state.imageButtonTop\"\n\t\t>\n\t\t\t<svg xmlns=\"http:\/\/www.w3.org\/2000\/svg\" width=\"12\" height=\"12\" fill=\"none\" viewBox=\"0 0 12 12\">\n\t\t\t\t<path fill=\"#fff\" d=\"M2 0a2 2 0 0 0-2 2v2h1.5V2a.5.5 0 0 1 .5-.5h2V0H2Zm2 10.5H2a.5.5 0 0 1-.5-.5V8H0v2a2 2 0 0 0 2 2h2v-1.5ZM8 12v-1.5h2a.5.5 0 0 0 .5-.5V8H12v2a2 2 0 0 1-2 2H8Zm2-12a2 2 0 0 1 2 2v2h-1.5V2a.5.5 0 0 0-.5-.5H8V0h2Z\" \/>\n\t\t\t<\/svg>\n\t\t<\/button><\/figure>\n<\/div>\n<\/div>\n\n\n\n<hr class=\"wp-block-separator has-alpha-channel-opacity is-style-wide\" style=\"margin-top:var(--wp--preset--spacing--10);margin-bottom:var(--wp--preset--spacing--10)\"\/>\n\n\n\n<div class=\"wp-block-columns is-layout-flex wp-container-core-columns-is-layout-28f84493 wp-block-columns-is-layout-flex\">\n<div class=\"wp-block-column has-system-sans-serif-font-family is-layout-flow wp-block-column-is-layout-flow\" style=\"font-style:normal;font-weight:300;flex-basis:33.33%\">\n<p>24.9.2024<\/p>\n<\/div>\n\n\n\n<div class=\"wp-block-column has-system-sans-serif-font-family is-layout-flow wp-block-column-is-layout-flow\" style=\"font-style:normal;font-weight:300;flex-basis:66.66%\">\n<p>Researchers of this project Timo Sukuvaara, Kari M\u00e4enp\u00e4\u00e4, Hannu Honkanen were featured as guests on the <em>Tiedeykk\u00f6nen<\/em> podcast, hosted by YLE, the Finnish Broadcasting Company.<\/p>\n\n\n\n<p><a href=\"https:\/\/areena.yle.fi\/podcastit\/1-71535993\">https:\/\/areena.yle.fi\/podcastit\/1-71535993<\/a><\/p>\n<\/div>\n<\/div>\n\n\n\n<hr class=\"wp-block-separator has-alpha-channel-opacity is-style-wide\" style=\"margin-top:var(--wp--preset--spacing--10);margin-bottom:var(--wp--preset--spacing--10)\"\/>\n\n\n\n<div class=\"wp-block-columns is-layout-flex wp-container-core-columns-is-layout-28f84493 wp-block-columns-is-layout-flex\">\n<div class=\"wp-block-column is-layout-flow wp-block-column-is-layout-flow\" style=\"flex-basis:33.33%\">\n<p class=\"has-system-sans-serif-font-family\" style=\"font-style:normal;font-weight:300\">27.6.2024<\/p>\n<\/div>\n\n\n\n<div class=\"wp-block-column is-layout-flow wp-block-column-is-layout-flow\" style=\"flex-basis:66.66%\">\n<p class=\"has-system-sans-serif-font-family\" style=\"font-style:normal;font-weight:300\">Visiting professor of FMI, V. Chandrasekar, presented the poster on AMS Automated Vehicles &amp; Meteorology Summit 2024 in Ann Arbor, Michigan, USA<\/p>\n<\/div>\n<\/div>\n\n\n\n<hr class=\"wp-block-separator has-alpha-channel-opacity is-style-wide\" style=\"margin-top:var(--wp--preset--spacing--10);margin-bottom:var(--wp--preset--spacing--10)\"\/>\n\n\n\n<div class=\"wp-block-columns is-layout-flex wp-container-core-columns-is-layout-28f84493 wp-block-columns-is-layout-flex\">\n<div class=\"wp-block-column is-layout-flow wp-block-column-is-layout-flow\" style=\"flex-basis:33.33%\">\n<p class=\"has-system-sans-serif-font-family\" style=\"font-style:normal;font-weight:300\">12.6.2024<\/p>\n<\/div>\n\n\n\n<div class=\"wp-block-column is-layout-flow wp-block-column-is-layout-flow\" style=\"flex-basis:66.66%\">\n<p class=\"has-system-sans-serif-font-family\" style=\"font-style:normal;font-weight:300\">Researcher of this project Virve Karsisto from Finnish Meteorological Institute presented the poster on Sirwec 2024 conference in Amsterdam, Netherlands.<\/p>\n<\/div>\n<\/div>\n\n\n\n<hr class=\"wp-block-separator has-alpha-channel-opacity is-style-wide\" style=\"margin-top:var(--wp--preset--spacing--10);margin-bottom:var(--wp--preset--spacing--10)\"\/>\n\n\n\n<div class=\"wp-block-columns is-layout-flex wp-container-core-columns-is-layout-28f84493 wp-block-columns-is-layout-flex\">\n<div class=\"wp-block-column has-system-sans-serif-font-family is-layout-flow wp-block-column-is-layout-flow\" style=\"font-style:normal;font-weight:300;flex-basis:33.33%\">\n<p>10.6.2024<\/p>\n<\/div>\n\n\n\n<div class=\"wp-block-column is-layout-flow wp-block-column-is-layout-flow\" style=\"flex-basis:66.66%\">\n<p class=\"has-system-sans-serif-font-family\" style=\"font-style:normal;font-weight:300\">Researcher of this project Nada Sanad from the University of Oulu presented the paper on &#8220;Design and Knowledge Requirements for Human-Machine Hybrid Intelligence in Autonomous Driving Systems&#8221; at <a href=\"https:\/\/6gvisible.fmi.fi\/?page_id=25\/#tktp\" class=\"ek-link\"><mark style=\"background-color:rgba(0, 0, 0, 0);color:#1969e9\" class=\"has-inline-color\">TKTP<\/mark><\/a> 2024 in Vaasa. <\/p>\n\n\n\n<p class=\"has-system-sans-serif-font-family\" style=\"font-style:normal;font-weight:300\"><a href=\"https:\/\/tkts.fi\/2024\/03\/28\/tktp-2024-the-annual-symposium-of-computer-science-tietojenkasittelytieteen-paivat-vaasassa-10-11-6-2024\/\" target=\"_blank\" aria-label=\" (opens in a new tab)\" rel=\"noreferrer noopener\" class=\"ek-link\"><mark style=\"background-color:rgba(0, 0, 0, 0);color:#1969e9\" class=\"has-inline-color\">https:\/\/tkts.fi\/2024\/03\/28\/tktp-2024-the-annual-symposium-of-computer-science-tietojenkasittelytieteen-paivat-vaasassa-10-11-6-2024\/<\/mark><\/a><\/p>\n<\/div>\n<\/div>\n\n\n\n<hr class=\"wp-block-separator has-alpha-channel-opacity is-style-wide\" style=\"margin-top:var(--wp--preset--spacing--10);margin-bottom:var(--wp--preset--spacing--10)\"\/>\n\n\n\n<div class=\"wp-block-columns is-layout-flex wp-container-core-columns-is-layout-28f84493 wp-block-columns-is-layout-flex\">\n<div class=\"wp-block-column is-layout-flow wp-block-column-is-layout-flow\" style=\"flex-basis:33.33%\">\n<p class=\"has-system-sans-serif-font-family\" style=\"font-style:normal;font-weight:300\">17.4.2024<\/p>\n<\/div>\n\n\n\n<div class=\"wp-block-column is-layout-flow wp-block-column-is-layout-flow\" style=\"flex-basis:66.66%\">\n<p class=\"has-system-sans-serif-font-family\" style=\"font-style:normal;font-weight:300\">Researcher of this project Nada Sanad from the University of Oulu presented the poster on &#8220;6GVisible &#8211; Enhancing Autonomous Driving with Dynamic Traffic Data&#8221; in UniOulu Science Day 2024<\/p>\n<\/div>\n<\/div>\n\n\n\n<hr class=\"wp-block-separator has-alpha-channel-opacity is-style-wide\"\/>\n\n\n\n<div class=\"wp-block-columns is-layout-flex wp-container-core-columns-is-layout-28f84493 wp-block-columns-is-layout-flex\">\n<div class=\"wp-block-column is-layout-flow wp-block-column-is-layout-flow\" style=\"flex-basis:33.33%\">\n<p class=\"has-system-sans-serif-font-family\" style=\"font-style:normal;font-weight:300\">15 &#8211; 16.4.2024<\/p>\n<\/div>\n\n\n\n<div class=\"wp-block-column is-layout-flow wp-block-column-is-layout-flow\" style=\"flex-basis:66.66%\">\n<p class=\"has-system-sans-serif-font-family\" style=\"font-style:normal;font-weight:300\">Researcher of this project Timo Sukuvaara from Finnish Meteorological Institute presented the poster on TRA 2024 conference in Dublin, Ireland.<\/p>\n\n\n\n<p class=\"has-system-sans-serif-font-family\" style=\"font-style:normal;font-weight:300\"><a href=\"https:\/\/traconference.eu\/\" target=\"_blank\" aria-label=\" (opens in a new tab)\" rel=\"noreferrer noopener\" class=\"ek-link\"><mark style=\"background-color:rgba(0, 0, 0, 0);color:#1969e9\" class=\"has-inline-color\">https:\/\/traconference.eu\/<\/mark><\/a><\/p>\n<\/div>\n<\/div>\n\n\n\n<hr class=\"wp-block-separator has-alpha-channel-opacity is-style-wide\"\/>\n\n\n\n<div class=\"wp-block-columns is-layout-flex wp-container-core-columns-is-layout-28f84493 wp-block-columns-is-layout-flex\">\n<div class=\"wp-block-column is-layout-flow wp-block-column-is-layout-flow\" style=\"flex-basis:33.33%\">\n<p class=\"has-system-sans-serif-font-family\" style=\"font-style:normal;font-weight:300\">21.12.2023<\/p>\n<\/div>\n\n\n\n<div class=\"wp-block-column is-layout-flow wp-block-column-is-layout-flow\" style=\"flex-basis:66.66%\">\n<p class=\"has-system-sans-serif-font-family\" style=\"font-style:normal;font-weight:300\">Timo Sukuvaara, oral presentation, &#8220;Weather Forecast services for Intelligent traffic&#8221;, VAMOS-ecosystem online seminar series VAMOS Flash, part 25. <\/p>\n\n\n\n<p class=\"has-system-sans-serif-font-family\" style=\"font-style:normal;font-weight:300\"><a href=\"https:\/\/www.youtube.com\/playlist?list=PLXB4yycVemngsbmIradtIBun8SsUT6gYx\" target=\"_blank\" aria-label=\" (opens in a new tab)\" rel=\"noreferrer noopener\" class=\"ek-link\"><mark style=\"background-color:rgba(0, 0, 0, 0);color:#1969e9\" class=\"has-inline-color\">https:\/\/www.youtube.com\/playlist?list=PLXB4yycVemngsbmIradtIBun8SsUT6gYx<\/mark><\/a><\/p>\n<\/div>\n<\/div>\n\n\n\n<hr class=\"wp-block-separator has-alpha-channel-opacity is-style-wide\"\/>\n\n\n\n<div class=\"wp-block-columns is-layout-flex wp-container-core-columns-is-layout-28f84493 wp-block-columns-is-layout-flex\">\n<div class=\"wp-block-column has-system-sans-serif-font-family is-layout-flow wp-block-column-is-layout-flow\" style=\"font-style:normal;font-weight:300;flex-basis:33.33%\">\n<p>14.12.2023<\/p>\n<\/div>\n\n\n\n<div class=\"wp-block-column has-system-sans-serif-font-family is-layout-flow wp-block-column-is-layout-flow\" style=\"font-style:normal;font-weight:300;flex-basis:66.66%\">\n<p class=\"has-text-align-justify\">Timo Sukuvaara, oral presentation, &#8220;\u00c4lykk\u00e4\u00e4n liikenteen s\u00e4\u00e4palveluiden tutkimus Ilmatieteen laitoksella&#8221;. Urbaria institute of Helsinki University and Finnish Meteorological Institute co-hosted online seminar. &#8220;Ilamstoneutraalit ja -kest\u00e4v\u00e4t kaupungit&#8221;.<\/p>\n<\/div>\n<\/div>\n\n\n\n<hr class=\"wp-block-separator has-alpha-channel-opacity is-style-wide\" style=\"margin-top:var(--wp--preset--spacing--10);margin-bottom:var(--wp--preset--spacing--10)\"\/>\n\n\n\n<p><\/p>\n","protected":false},"excerpt":{"rendered":"<p>27.1.2026 6GVisible Demo Video 19.-21.5.2025 Researcher of this project Timo Sukuvaara from FMI kept presentation &#8220;Intelligent traffic road weather and autonomous driving&#8221; written by Timo Sukuvaara, Ari Pikkarainen, Hannu Honkanen, Heikki Myllykoski and Virve Karsisto, in ITS Europe 2025 Conference in Seville. 6.2.2025 Sample from Digital Twin development, LiDAR-point cloud from the test track monitoring [&hellip;]<\/p>\n","protected":false},"author":1,"featured_media":0,"parent":0,"menu_order":0,"comment_status":"closed","ping_status":"closed","template":"","meta":{"_editorskit_title_hidden":false,"_editorskit_reading_time":0,"_editorskit_is_block_options_detached":false,"_editorskit_block_options_position":"{}","footnotes":""},"class_list":["post-2","page","type-page","status-publish","hentry"],"_links":{"self":[{"href":"https:\/\/6gvisible.fmi.fi\/index.php?rest_route=\/wp\/v2\/pages\/2","targetHints":{"allow":["GET"]}}],"collection":[{"href":"https:\/\/6gvisible.fmi.fi\/index.php?rest_route=\/wp\/v2\/pages"}],"about":[{"href":"https:\/\/6gvisible.fmi.fi\/index.php?rest_route=\/wp\/v2\/types\/page"}],"author":[{"embeddable":true,"href":"https:\/\/6gvisible.fmi.fi\/index.php?rest_route=\/wp\/v2\/users\/1"}],"replies":[{"embeddable":true,"href":"https:\/\/6gvisible.fmi.fi\/index.php?rest_route=%2Fwp%2Fv2%2Fcomments&post=2"}],"version-history":[{"count":52,"href":"https:\/\/6gvisible.fmi.fi\/index.php?rest_route=\/wp\/v2\/pages\/2\/revisions"}],"predecessor-version":[{"id":385,"href":"https:\/\/6gvisible.fmi.fi\/index.php?rest_route=\/wp\/v2\/pages\/2\/revisions\/385"}],"wp:attachment":[{"href":"https:\/\/6gvisible.fmi.fi\/index.php?rest_route=%2Fwp%2Fv2%2Fmedia&parent=2"}],"curies":[{"name":"wp","href":"https:\/\/api.w.org\/{rel}","templated":true}]}}